{"id":2342,"date":"2023-09-07T16:51:02","date_gmt":"2023-09-07T14:51:02","guid":{"rendered":"https:\/\/www.webfut.com\/services\/"},"modified":"2024-04-19T10:20:35","modified_gmt":"2024-04-19T08:20:35","slug":"services","status":"publish","type":"page","link":"https:\/\/www.webfut.com\/de\/services\/","title":{"rendered":"Kosteng\u00fcnstiges digitales Marketing | Low cost Webservices | WebFut.com"},"content":{"rendered":"<div class=\"wpb-content-wrapper\"><p>[vc_row full_width=&#8221;stretch_row_content_no_spaces&#8221;][vc_column]\r\n        <div class=\"split-screen split-screen-69f8b7c136476\">\r\n            <div class=\"items\">\r\n        <div class=\"screen-item item-69f8b7c1364e7\" data-hex=\"#f9b03e\">\r\n            <div class=\"item item-left col-xs-12 col-sm-6\">\r\n                                                    <div class=\"letter\">W<\/div>\r\n                            <\/div>\r\n            <div class=\"item item-right col-xs-12 col-sm-6\">\r\n                <div class=\"cell cell-container\">\r\n                    <div class=\"num\"><\/div>\r\n                                            <div class=\"h h1\">Soziale Netzwerke<\/div>\r\n                                            <div class=\"text\">Social Media ist heutzutage ein mehr als wichtiger Gesch\u00e4ftszweig, den du nicht vernachl\u00e4ssigen solltest. Soziale Netzwerke geben dir die M\u00f6glichkeit, mit deinen Kunden oder Partnern in Kontakt zu bleiben.<\/p>\n<p>Wir analysieren, welche sozialen Netzwerke f\u00fcr dein Gesch\u00e4ftsmodell geeignet sind; Wir entwerfen oder verbessern deine Social Media Strategie; Wir identifizieren und analysieren deine Mitbewerber; Wir managen alle deine Beitr\u00e4ge oder Ver\u00f6ffentlichungen; Wir entwickeln Strategien, um die Anzahl der Follower oder Besucher zu erh\u00f6hen; Wir bieten dir erfolgreiche Community Management Leistungen an; Wir schalten Werbeanzeigen und bereiten E-Mailing-Kampagnen vor; Wir liefern dir st\u00e4ndig die neuesten Analysedaten.<\/div>\r\n                                            <a href=\"https:\/\/www.webfut.com\/de\/\" class=\"button-style1\" target=\"_self\">Zur\u00fcck zur Startseite<\/a>\r\n                                    <\/div>\r\n                <div class=\"counter\">\r\n                    <div class=\"current\"><\/div>\r\n                    <div class=\"total\"><\/div>\r\n                <\/div>\r\n            <\/div>\r\n        <\/div>\r\n\r\n        \r\n        <div class=\"screen-item item-69f8b7c136d58\" data-hex=\"#ee4266\">\r\n            <div class=\"item item-left col-xs-12 col-sm-6\">\r\n                                                    <div class=\"letter\">E<\/div>\r\n                            <\/div>\r\n            <div class=\"item item-right col-xs-12 col-sm-6\">\r\n                <div class=\"cell cell-container\">\r\n                    <div class=\"num\"><\/div>\r\n                                            <div class=\"h h1\">E-Mail Marketing<\/div>\r\n                                            <div class=\"text\">Bleibe mit unserer erfolgreichen E-Mail-Marketingstrategie regelm\u00e4\u00dfig mit deinen Kunden in Kontakt und erh\u00f6he so die Reichweite und Sichtbarkeit deiner Produkte oder Dienstleistungen.<\/p>\n<p>Das Beste am E-Mail-Marketing ist, dass die Kosten niedrig sind und die Kampagnen nur Vorteile bieten!<\/p>\n<p>Unsere Services:<\/p>\n<p>E-Mail-Marketingstrategien gem\u00e4\u00df deiner Gesch\u00e4ftsziele; Erstellung von professionellen Email-Inhalten; Erstellung von Grafikvorlagen und Newsletter-Vorlagen; Lead-Management; Analysen und Auswertung von Ergebnissen.<\/div>\r\n                                            <a href=\"https:\/\/www.webfut.com\/de\/\" class=\"button-style1\" target=\"_self\">Zur\u00fcck zur Startseite<\/a>\r\n                                    <\/div>\r\n                <div class=\"counter\">\r\n                    <div class=\"current\"><\/div>\r\n                    <div class=\"total\"><\/div>\r\n                <\/div>\r\n            <\/div>\r\n        <\/div>\r\n\r\n        \r\n        <div class=\"screen-item item-69f8b7c136e2c\" data-hex=\"#0ead69\">\r\n            <div class=\"item item-left col-xs-12 col-sm-6\">\r\n                                                    <div class=\"letter\">B<\/div>\r\n                            <\/div>\r\n            <div class=\"item item-right col-xs-12 col-sm-6\">\r\n                <div class=\"cell cell-container\">\r\n                    <div class=\"num\"><\/div>\r\n                                            <div class=\"h h1\">Webentwicklung<\/div>\r\n                                            <div class=\"text\">Lass deine Website designen oder optimieren - deine Marke oder Firma hat es sich verdient!<\/p>\n<p>Wir entwickeln Webseiten f\u00fcr jedes Budget, von privaten Homepages bis hin zu internationalen Marken- oder Unternehmenswebseiten.<\/p>\n<p>Eine Auswahl unserer Dienste:<\/p>\n<p>Entwicklung und Programmierung von Websites; Registrierung und Verwaltung von Domains; Website-Updates; Optimierung \/ Verbesserung der Ladegeschwindigkeit; Webmigration; Webseiten-Wartung; Integrierung von E-Payment-Systemen; Erstellung von responsiven Internetseiten; App-Entwicklung; Plugin- und Software-Entwicklung; \u00dcbersetzung von Webinhalten ins Englische, Franz\u00f6sische, Spanische usw.<\/div>\r\n                                            <a href=\"https:\/\/www.webfut.com\/de\/\" class=\"button-style1\" target=\"_self\">Zur\u00fcck zur Startseite<\/a>\r\n                                    <\/div>\r\n                <div class=\"counter\">\r\n                    <div class=\"current\"><\/div>\r\n                    <div class=\"total\"><\/div>\r\n                <\/div>\r\n            <\/div>\r\n        <\/div>\r\n\r\n        \r\n        <div class=\"screen-item item-69f8b7c136ee1\" data-hex=\"\">\r\n            <div class=\"item item-left col-xs-12 col-sm-6\">\r\n                                                    <div class=\"letter\">F<\/div>\r\n                            <\/div>\r\n            <div class=\"item item-right col-xs-12 col-sm-6\">\r\n                <div class=\"cell cell-container\">\r\n                    <div class=\"num\"><\/div>\r\n                                            <div class=\"h h1\">SEO-Strategien<\/div>\r\n                                            <div class=\"text\">Wir k\u00f6nnen dir dabei helfen, deine Webseite so zu optimieren, dass dich deine Kunden viel leichter in Suchmaschinen wie Google und Bing finden k\u00f6nnen.<\/p>\n<p>Vertraue unserer zwei jahrzehntelangen Erfahrung bei der Suchmaschinenoptimierung!<\/p>\n<p>Was wir machen:<\/p>\n<p>SEO-Audit; Konkurrenzanalyse; Keyword-Check; Inhaltsstrategien; Blogschreiben auf Deutsch, Spanisch, Englisch, Franz\u00f6sisch und Portugiesisch; Textrevision und -bearbeitung; Google Analytics; On-Page- \/ Off-Page-Optimierung; Linkbuilding- und Backlink-Strategien.<\/div>\r\n                                            <a href=\"https:\/\/www.webfut.com\/de\/\" class=\"button-style1\" target=\"_self\">Zur\u00fcck zur Startseite<\/a>\r\n                                    <\/div>\r\n                <div class=\"counter\">\r\n                    <div class=\"current\"><\/div>\r\n                    <div class=\"total\"><\/div>\r\n                <\/div>\r\n            <\/div>\r\n        <\/div>\r\n\r\n        \r\n        <div class=\"screen-item item-69f8b7c136f89\" data-hex=\"#f9b03e\">\r\n            <div class=\"item item-left col-xs-12 col-sm-6\">\r\n                                                    <div class=\"letter\">U<\/div>\r\n                            <\/div>\r\n            <div class=\"item item-right col-xs-12 col-sm-6\">\r\n                <div class=\"cell cell-container\">\r\n                    <div class=\"num\"><\/div>\r\n                                            <div class=\"h h1\">Lead-Generierung<\/div>\r\n                                            <div class=\"text\">Die Leadgenerierung beschreibt den Prozess der Interessentengewinnung sowie die Ma\u00dfnahmen, die dazu f\u00fchren, dass deine potentiellen Kunden Interesse an deiner Dienstleistung oder deinem Produkt zeigen.<\/p>\n<p>Professionelles Online-Marketing ohne Lead-Generierung ist heutzutage unvorstellbar. Je mehr Leads eine Firma oder Marke generiert, desto gr\u00f6sser wird die Reichweite f\u00fcr zuk\u00fcnftige Kampagnen und der Umsatz, wenn eben Leads zu Verk\u00e4ufen werden.<\/p>\n<p>Unsere Leistungen:<\/p>\n<p>Erstellung von Portalen mit Ad-hoc-Inhalten f\u00fcr potenzielle Kunden; Bannererstellung; Landingpages; E-Books; Digitale Werbekampagnen und vieles mehr.<\/div>\r\n                                            <a href=\"https:\/\/www.webfut.com\/de\/\" class=\"button-style1\" target=\"_self\">Zur\u00fcck zur Startseite<\/a>\r\n                                    <\/div>\r\n                <div class=\"counter\">\r\n                    <div class=\"current\"><\/div>\r\n                    <div class=\"total\"><\/div>\r\n                <\/div>\r\n            <\/div>\r\n        <\/div>\r\n\r\n        \r\n        <div class=\"screen-item item-69f8b7c137261\" data-hex=\"#ee4266\">\r\n            <div class=\"item item-left col-xs-12 col-sm-6\">\r\n                                                    <div class=\"letter\">T<\/div>\r\n                            <\/div>\r\n            <div class=\"item item-right col-xs-12 col-sm-6\">\r\n                <div class=\"cell cell-container\">\r\n                    <div class=\"num\"><\/div>\r\n                                            <div class=\"h h1\">Professionelles Grafikdesign<\/div>\r\n                                            <div class=\"text\">Die Qualit\u00e4t einer Marke ist entscheidend f\u00fcr die Umsetzung einer digitalen Marketingstrategie.<\/p>\n<p>Ein professionelles Corporate Identity &amp; Corporate Design muss die Werte deines Produkts oder der Dienstleistung effektiv hervorheben.<\/p>\n<p>Wir bieten dir Grafikdesign, Beratung und Dienstleistungen rund um diese Thema und f\u00fcr alle nur m\u00f6glichen Anl\u00e4sse...<\/p>\n<p>Markenstrategien; Logos; Visitenkarten; Landing Pages; Bannererstellung; Firmenpr\u00e4sentationen; Computergrafiken; Designs f\u00fcr soziale Netzwerke; Newsletter-Design; Digitale Animationen u.v.m.<\/div>\r\n                                            <a href=\"https:\/\/www.webfut.com\/de\/\" class=\"button-style1\" target=\"_self\">Zur\u00fcck zur Startseite<\/a>\r\n                                    <\/div>\r\n                <div class=\"counter\">\r\n                    <div class=\"current\"><\/div>\r\n                    <div class=\"total\"><\/div>\r\n                <\/div>\r\n            <\/div>\r\n        <\/div>\r\n\r\n        <\/div>\r\n            <div class=\"pagination-dots\"><\/div>\r\n        <\/div>\r\n        \r\n        [\/vc_column][\/vc_row]<\/p>\n<\/div>","protected":false},"excerpt":{"rendered":"<p>[vc_row full_width=&#8221;stretch_row_content_no_spaces&#8221;][vc_column][\/vc_column][\/vc_row]<\/p>\n","protected":false},"author":1,"featured_media":0,"parent":0,"menu_order":0,"comment_status":"closed","ping_status":"closed","template":"template-landing.php","meta":{"_acf_changed":false,"footnotes":""},"class_list":["post-2342","page","type-page","status-publish","hentry"],"acf":[],"yoast_head":"<!-- This site is optimized with the Yoast SEO plugin v27.2 - https:\/\/yoast.com\/product\/yoast-seo-wordpress\/ -->\n<title>Kosteng\u00fcnstiges digitales Marketing | Low cost Webservices | WebFut.com<\/title>\n<meta name=\"description\" content=\"Kosteng\u00fcnstiges digitales Marketing und Web-Services mit internationaler Erfahrung von mehr als zwei Jahrzehnten. WebFut.com\" \/>\n<meta name=\"robots\" content=\"index, follow, max-snippet:-1, max-image-preview:large, max-video-preview:-1\" \/>\n<link rel=\"canonical\" href=\"https:\/\/www.webfut.com\/de\/services\/\" \/>\n<meta property=\"og:locale\" content=\"de_DE\" \/>\n<meta property=\"og:type\" content=\"article\" \/>\n<meta property=\"og:title\" content=\"Kosteng\u00fcnstiges digitales Marketing | Low cost Webservices | WebFut.com\" \/>\n<meta property=\"og:description\" content=\"Kosteng\u00fcnstiges digitales Marketing und Web-Services mit internationaler Erfahrung von mehr als zwei Jahrzehnten. WebFut.com\" \/>\n<meta property=\"og:url\" content=\"https:\/\/www.webfut.com\/de\/services\/\" \/>\n<meta property=\"og:site_name\" content=\"Web Fut - Marketing - Low Cost\" \/>\n<meta property=\"article:modified_time\" content=\"2024-04-19T08:20:35+00:00\" \/>\n<meta name=\"twitter:card\" content=\"summary_large_image\" \/>\n<meta name=\"twitter:label1\" content=\"Gesch\u00e4tzte Lesezeit\" \/>\n\t<meta name=\"twitter:data1\" content=\"4\u00a0Minuten\" \/>\n<script type=\"application\/ld+json\" class=\"yoast-schema-graph\">{\"@context\":\"https:\/\/schema.org\",\"@graph\":[{\"@type\":\"WebPage\",\"@id\":\"https:\/\/www.webfut.com\/de\/services\/\",\"url\":\"https:\/\/www.webfut.com\/de\/services\/\",\"name\":\"Kosteng\u00fcnstiges digitales Marketing | Low cost Webservices | WebFut.com\",\"isPartOf\":{\"@id\":\"https:\/\/www.webfut.com\/de\/#website\"},\"datePublished\":\"2023-09-07T14:51:02+00:00\",\"dateModified\":\"2024-04-19T08:20:35+00:00\",\"description\":\"Kosteng\u00fcnstiges digitales Marketing und Web-Services mit internationaler Erfahrung von mehr als zwei Jahrzehnten. WebFut.com\",\"breadcrumb\":{\"@id\":\"https:\/\/www.webfut.com\/de\/services\/#breadcrumb\"},\"inLanguage\":\"de\",\"potentialAction\":[{\"@type\":\"ReadAction\",\"target\":[\"https:\/\/www.webfut.com\/de\/services\/\"]}]},{\"@type\":\"BreadcrumbList\",\"@id\":\"https:\/\/www.webfut.com\/de\/services\/#breadcrumb\",\"itemListElement\":[{\"@type\":\"ListItem\",\"position\":1,\"name\":\"Portada\",\"item\":\"https:\/\/www.webfut.com\/de\/\"},{\"@type\":\"ListItem\",\"position\":2,\"name\":\"Kosteng\u00fcnstiges digitales Marketing | Low cost Webservices | WebFut.com\"}]},{\"@type\":\"WebSite\",\"@id\":\"https:\/\/www.webfut.com\/de\/#website\",\"url\":\"https:\/\/www.webfut.com\/de\/\",\"name\":\"Web Fut - Marketing - Low Cost\",\"description\":\"webfut.com - Digital Marketing\",\"publisher\":{\"@id\":\"https:\/\/www.webfut.com\/de\/#organization\"},\"potentialAction\":[{\"@type\":\"SearchAction\",\"target\":{\"@type\":\"EntryPoint\",\"urlTemplate\":\"https:\/\/www.webfut.com\/de\/?s={search_term_string}\"},\"query-input\":{\"@type\":\"PropertyValueSpecification\",\"valueRequired\":true,\"valueName\":\"search_term_string\"}}],\"inLanguage\":\"de\"},{\"@type\":\"Organization\",\"@id\":\"https:\/\/www.webfut.com\/de\/#organization\",\"name\":\"WebFut Digital Marketing\",\"url\":\"https:\/\/www.webfut.com\/de\/\",\"logo\":{\"@type\":\"ImageObject\",\"inLanguage\":\"de\",\"@id\":\"https:\/\/www.webfut.com\/de\/#\/schema\/logo\/image\/\",\"url\":\"https:\/\/www.webfut.com\/wp-content\/uploads\/2020\/09\/WebFut-Logo.png\",\"contentUrl\":\"https:\/\/www.webfut.com\/wp-content\/uploads\/2020\/09\/WebFut-Logo.png\",\"width\":200,\"height\":57,\"caption\":\"WebFut Digital Marketing\"},\"image\":{\"@id\":\"https:\/\/www.webfut.com\/de\/#\/schema\/logo\/image\/\"},\"sameAs\":[\"https:\/\/www.instagram.com\/webfutmarketing\/\"]}]}<\/script>\n<!-- \/ Yoast SEO plugin. -->","yoast_head_json":{"title":"Kosteng\u00fcnstiges digitales Marketing | Low cost Webservices | WebFut.com","description":"Kosteng\u00fcnstiges digitales Marketing und Web-Services mit internationaler Erfahrung von mehr als zwei Jahrzehnten. WebFut.com","robots":{"index":"index","follow":"follow","max-snippet":"max-snippet:-1","max-image-preview":"max-image-preview:large","max-video-preview":"max-video-preview:-1"},"canonical":"https:\/\/www.webfut.com\/de\/services\/","og_locale":"de_DE","og_type":"article","og_title":"Kosteng\u00fcnstiges digitales Marketing | Low cost Webservices | WebFut.com","og_description":"Kosteng\u00fcnstiges digitales Marketing und Web-Services mit internationaler Erfahrung von mehr als zwei Jahrzehnten. WebFut.com","og_url":"https:\/\/www.webfut.com\/de\/services\/","og_site_name":"Web Fut - Marketing - Low Cost","article_modified_time":"2024-04-19T08:20:35+00:00","twitter_card":"summary_large_image","twitter_misc":{"Gesch\u00e4tzte Lesezeit":"4\u00a0Minuten"},"schema":{"@context":"https:\/\/schema.org","@graph":[{"@type":"WebPage","@id":"https:\/\/www.webfut.com\/de\/services\/","url":"https:\/\/www.webfut.com\/de\/services\/","name":"Kosteng\u00fcnstiges digitales Marketing | Low cost Webservices | WebFut.com","isPartOf":{"@id":"https:\/\/www.webfut.com\/de\/#website"},"datePublished":"2023-09-07T14:51:02+00:00","dateModified":"2024-04-19T08:20:35+00:00","description":"Kosteng\u00fcnstiges digitales Marketing und Web-Services mit internationaler Erfahrung von mehr als zwei Jahrzehnten. WebFut.com","breadcrumb":{"@id":"https:\/\/www.webfut.com\/de\/services\/#breadcrumb"},"inLanguage":"de","potentialAction":[{"@type":"ReadAction","target":["https:\/\/www.webfut.com\/de\/services\/"]}]},{"@type":"BreadcrumbList","@id":"https:\/\/www.webfut.com\/de\/services\/#breadcrumb","itemListElement":[{"@type":"ListItem","position":1,"name":"Portada","item":"https:\/\/www.webfut.com\/de\/"},{"@type":"ListItem","position":2,"name":"Kosteng\u00fcnstiges digitales Marketing | Low cost Webservices | WebFut.com"}]},{"@type":"WebSite","@id":"https:\/\/www.webfut.com\/de\/#website","url":"https:\/\/www.webfut.com\/de\/","name":"Web Fut - Marketing - Low Cost","description":"webfut.com - Digital Marketing","publisher":{"@id":"https:\/\/www.webfut.com\/de\/#organization"},"potentialAction":[{"@type":"SearchAction","target":{"@type":"EntryPoint","urlTemplate":"https:\/\/www.webfut.com\/de\/?s={search_term_string}"},"query-input":{"@type":"PropertyValueSpecification","valueRequired":true,"valueName":"search_term_string"}}],"inLanguage":"de"},{"@type":"Organization","@id":"https:\/\/www.webfut.com\/de\/#organization","name":"WebFut Digital Marketing","url":"https:\/\/www.webfut.com\/de\/","logo":{"@type":"ImageObject","inLanguage":"de","@id":"https:\/\/www.webfut.com\/de\/#\/schema\/logo\/image\/","url":"https:\/\/www.webfut.com\/wp-content\/uploads\/2020\/09\/WebFut-Logo.png","contentUrl":"https:\/\/www.webfut.com\/wp-content\/uploads\/2020\/09\/WebFut-Logo.png","width":200,"height":57,"caption":"WebFut Digital Marketing"},"image":{"@id":"https:\/\/www.webfut.com\/de\/#\/schema\/logo\/image\/"},"sameAs":["https:\/\/www.instagram.com\/webfutmarketing\/"]}]}},"_links":{"self":[{"href":"https:\/\/www.webfut.com\/de\/wp-json\/wp\/v2\/pages\/2342","targetHints":{"allow":["GET"]}}],"collection":[{"href":"https:\/\/www.webfut.com\/de\/wp-json\/wp\/v2\/pages"}],"about":[{"href":"https:\/\/www.webfut.com\/de\/wp-json\/wp\/v2\/types\/page"}],"author":[{"embeddable":true,"href":"https:\/\/www.webfut.com\/de\/wp-json\/wp\/v2\/users\/1"}],"replies":[{"embeddable":true,"href":"https:\/\/www.webfut.com\/de\/wp-json\/wp\/v2\/comments?post=2342"}],"version-history":[{"count":7,"href":"https:\/\/www.webfut.com\/de\/wp-json\/wp\/v2\/pages\/2342\/revisions"}],"predecessor-version":[{"id":2354,"href":"https:\/\/www.webfut.com\/de\/wp-json\/wp\/v2\/pages\/2342\/revisions\/2354"}],"wp:attachment":[{"href":"https:\/\/www.webfut.com\/de\/wp-json\/wp\/v2\/media?parent=2342"}],"curies":[{"name":"wp","href":"https:\/\/api.w.org\/{rel}","templated":true}]}}