{"id":2315,"date":"2023-09-05T06:21:08","date_gmt":"2023-09-05T04:21:08","guid":{"rendered":"https:\/\/www.webfut.com\/photographer\/"},"modified":"2024-04-19T10:20:29","modified_gmt":"2024-04-19T08:20:29","slug":"webfut","status":"publish","type":"page","link":"https:\/\/www.webfut.com\/de\/","title":{"rendered":"Effektives digitales Marketing | G\u00fcnstige Web-Services | WebFut.com"},"content":{"rendered":"<div class=\"wpb-content-wrapper\"><p>[vc_row full_width=&#8221;stretch_row_content_no_spaces&#8221;][vc_column][vc_row_inner css=&#8221;.vc_custom_1599392602208{background-color: #000000 !important;}&#8221;][vc_column_inner][vc_wp_text]<\/p>\n<h1 style=\"text-align: center;\"><span style=\"font-size: 8pt; color: #ffffff;\">Effektives digitales Marketing 100% ergebnisorientiert<\/span><\/h1>\n<h2 style=\"text-align: center;\"><span style=\"font-size: 8pt; color: #ffffff;\">Agentur f\u00fcr kosteng\u00fcnstiges digitales Marketing<\/span><\/h2>\n<h3 style=\"text-align: center;\"><span style=\"font-size: 8pt; color: #ffffff;\">Erfolgreiches Online Marketing<\/span><\/h3>\n<h4 style=\"text-align: center;\"><span style=\"font-size: 8pt; color: #ffffff;\">Kosteng\u00fcnstige Webleistungen<\/span><\/h4>\n<h5 style=\"text-align: center;\"><span style=\"font-size: 8pt; color: #ffffff;\">WebFut.com<\/span><\/h5>\n<h6 style=\"text-align: center;\"><span style=\"font-size: 8pt; color: #ffffff;\">Web-Strategien f\u00fcr eine erfolgreiche Zukunft<\/span><\/h6>\n<p>[\/vc_wp_text][\/vc_column_inner][\/vc_row_inner]\r\n        <div class=\"about-me-section white one-screen-area one-screen-5bea8c7b2bd6e autoplay-true\">\r\n        \t\t        \t<div class=\"os-buttons white\">\r\n                    <div>\r\n                                                        <div class=\"button dec-line-t-c b-contact\">kontakt<\/div>\r\n                                                            <div class=\"button dec-line-t-c b-about-me\">\u00fcber uns<\/div>\r\n                                                            <div class=\"button dec-line-t-c b-categories\">ENG \/ DEU \/ ESP<\/div>\r\n                                                            <a href=\"https:\/\/www.webfut.com\/de\/services\/\" target=\"_self\" class=\"button dec-line-t-c\">Services<\/a>\r\n                                                <\/div>\r\n\t        \t<\/div>\r\n\t                        <div class=\"counter\"><\/div>\r\n                            <div class=\"am-about-block\">\r\n                    <div class=\"bg\" style=\"background-color: #05bbd7\">\r\n                        <div style=\"background-color: #ffd200\"><\/div>\r\n                    <\/div>\r\n                    <div class=\"am-close button-style6 white back\">Zur\u00fcck zur Startseite<\/div>\r\n                    <div class=\"container\">\r\n                                                    <div class=\"name\">WebFut<br \/>\nbietet dir<br \/>\n1 0 0 %<br \/>\nergebnis-<br \/>\norientierte<br \/>\nLeistungen<\/div>\r\n                                                <div class=\"row\">\r\n                            <div class=\"col-xs-12 col-sm-8 col-sm-offset-4 col-md-6 col-md-offset-6\">\r\n                                <div class=\"cell cell-container\">\r\n                                    <div class=\"scroll-b scroll-inner\">\r\n                                                                                    <h5 class=\"h\">Wir lieben das Planen und Umsetzen von erfolgreichen Strategien f\u00fcr die Bereiche digitales Marketing, nationaler und internationaler Markenaufbau sowie Web-Services aller Art.<\/h5>\r\n                                                                                    <div class=\"text\">Sehr gerne w\u00fcrden wir uns der Herausforderung stellen, deine Produkte, Dienstleistungen und Ideen auf dem Markt zu positionieren sowie die bereits vorhandene Strategie neu zu analysieren und diese noch erfolgreicher zu machen.<\/p>\n<p>Wir glauben an den Wert von Markennamen. Wir wissen, wie man ihn findet, entwickelt und langfristig sichert. Diese Mission erf\u00fcllen wir mehr als erfolgreich schon seit \u00fcber zwei Jahrzehnten.<\/p>\n<p>Wir bieten dir unser Know-how und unterst\u00fctzen dein Projekt in den nachfolgenden Bereichen:<\/p>\n<p>Effiziente Social Media Strategien f\u00fcr alle sozialen Netzwerke (Instagram, Facebook, Pinterest, TikTok, YouTube usw.), professionelle E-Mailing-Kampagnen, Webentwicklung, kurz- und langfristige SEO-Strategien, Lead-Generierung, professionelles Grafikdesign und viele weitere Leistungen aus dem IT-Sektor.<\/p>\n<p>Wir glauben an die erfolgreiche Zukunft deiner Marke, deines Startups oder deiner schon etablierten Firma. Denk daran, dass wir dir f\u00fcr jedes Budget eine passende L\u00f6sung finden k\u00f6nnen.<\/p>\n<p>Was bedeutet und wof\u00fcr steht WEBFUT? F\u00fcr kosteng\u00fcnstige und effiziente Strategien in den Bereichen digitales Marketing und WEB-Services f\u00fcr eine erfolgreiche Zukunft (FUTure) - WEB FUT eben \ud83d\ude42<\/p>\n<p>Du findest unsere Experten in den wichtigsten St\u00e4dten der Welt, wie Berlin, Wien, Z\u00fcrich, Madrid, New York, London, Paris, Caracas, Buenos Aires usw.<\/p>\n<p>Schreib uns einfach und einer unserer Partner wird mit dir in Kontakt treten!<\/div>\r\n                                                                                    <a href=\"https:\/\/www.instagram.com\/webfutdigital\/\" target=\"_blank\" class=\"dec-line-t-l\"><span>WebFut @ Instagram<\/span><\/a>\r\n                                                                            <\/div>\r\n                                <\/div>\r\n                            <\/div>\r\n                        <\/div>\r\n                    <\/div>\r\n                <\/div>\r\n                            <div class=\"am-categories-block\">\r\n                    <div class=\"back button-style6 white\">Zur\u00fcck zur Startseite<\/div>\r\n                    <div class=\"categories-carousel\">\r\n                        \r\n                                <div class=\"item\">\r\n                                    <a href=\"https:\/\/www.webfut.com\/\"><span class=\"num\"><\/span><span class=\"image\" style=\"background-image: url(https:\/\/www.webfut.com\/wp-content\/uploads\/2020\/09\/webfut-language-esp-1.jpg);\"><\/span><span class=\"title\">ESPA\u00d1OL<\/span><\/a>\r\n                                <\/div>\r\n                            \r\n                                <div class=\"item\">\r\n                                    <a href=\"https:\/\/www.webfut.com\/en\/\"><span class=\"num\"><\/span><span class=\"image\" style=\"background-image: url(https:\/\/www.webfut.com\/wp-content\/uploads\/2020\/09\/webfut-language-eng-1.jpg);\"><\/span><span class=\"title\">ENGLISH<\/span><\/a>\r\n                                <\/div>\r\n                            \r\n                                <div class=\"item\">\r\n                                    <a href=\"https:\/\/www.webfut.com\/de\/\"><span class=\"num\"><\/span><span class=\"image\" style=\"background-image: url(https:\/\/www.webfut.com\/wp-content\/uploads\/2020\/09\/webfut-language-deu-2.jpg);\"><\/span><span class=\"title\">DEUTSCH<\/span><\/a>\r\n                                <\/div>\r\n                            \r\n                                <div class=\"item\">\r\n                                    <a href=\"https:\/\/www.webfut.com\/en\/\"><span class=\"num\"><\/span><span class=\"image\" style=\"background-image: url(https:\/\/www.webfut.com\/wp-content\/uploads\/2020\/09\/webfut-language-int-2.jpg);\"><\/span><span class=\"title\">ENGLISH<\/span><\/a>\r\n                                <\/div>\r\n                                                <\/div>\r\n                <\/div>\r\n                            <div class=\"am-contact-me-block\">\r\n                    <div class=\"bg\" style=\"background-color: #540d6e;\">\r\n                        <div style=\"background-color: #540d6e;\"><span style=\"background-image: url(https:\/\/www.webfut.com\/wp-content\/uploads\/2018\/10\/bg6.jpg);\"><\/span><\/div>\r\n                    <\/div>\r\n                    <div class=\"am-close button-style6 white back\">Zur\u00fcck zur Startseite<\/div>\r\n                    <div class=\"cell-container cell\">\r\n                        <div class=\"container\">\r\n                            <div class=\"scroll-b scroll-inner\">\r\n                                                                    <div class=\"top clearfix\">\r\n                                                                                    <div class=\"desc\">Erz\u00e4hle uns von deinem Projekt. Wir helfen dir gerne, deine Ziele zu erreichen!<\/div>\r\n                                                                                    <div class=\"fr\">\r\n                                                                                                    <div class=\"c-ro ph\"><i class=\"fa fa-phone\"><\/i><span>(+34) 691 86 45 31 (WhatsApp)<\/span><\/div>\r\n                                                                                                    <div class=\"c-ro ma\"><i class=\"fa fa-envelope\"><\/i><span>info@webfut.com<\/span><\/div>\r\n                                                                                            <\/div>\r\n                                                                            <\/div>\r\n                                                                    <div class=\"form\">\r\n                                        \n<div class=\"wpcf7 no-js\" id=\"wpcf7-f2327-o1\" lang=\"de-DE\" dir=\"ltr\" data-wpcf7-id=\"2327\">\n<div class=\"screen-reader-response\"><p role=\"status\" aria-live=\"polite\" aria-atomic=\"true\"><\/p> <ul><\/ul><\/div>\n<form action=\"\/de\/wp-json\/wp\/v2\/pages\/2315#wpcf7-f2327-o1\" method=\"post\" class=\"wpcf7-form init\" aria-label=\"Kontaktformular\" novalidate=\"novalidate\" data-status=\"init\">\n<fieldset class=\"hidden-fields-container\"><input type=\"hidden\" name=\"_wpcf7\" value=\"2327\" \/><input type=\"hidden\" name=\"_wpcf7_version\" value=\"6.1.5\" \/><input type=\"hidden\" name=\"_wpcf7_locale\" value=\"de_DE\" \/><input type=\"hidden\" name=\"_wpcf7_unit_tag\" value=\"wpcf7-f2327-o1\" \/><input type=\"hidden\" name=\"_wpcf7_container_post\" value=\"0\" \/><input type=\"hidden\" name=\"_wpcf7_posted_data_hash\" value=\"\" \/><input type=\"hidden\" name=\"_wpcf7_recaptcha_response\" value=\"\" \/>\n<\/fieldset>\n<div class=\"contact-form row\"><div class=\"col-xs-12 col-sm-6\"><span class=\"wpcf7-form-control-wrap\" data-name=\"f-name\"><input size=\"40\" maxlength=\"400\" class=\"wpcf7-form-control wpcf7-text wpcf7-validates-as-required style1\" aria-required=\"true\" aria-invalid=\"false\" value=\"\" type=\"text\" name=\"f-name\" \/><\/span><label>Dein Name <span>*<\/span><\/label><\/div><div class=\"col-xs-12 col-sm-6\"><span class=\"wpcf7-form-control-wrap\" data-name=\"f-mail\"><input size=\"40\" maxlength=\"400\" class=\"wpcf7-form-control wpcf7-text wpcf7-validates-as-required style1\" aria-required=\"true\" aria-invalid=\"false\" value=\"\" type=\"text\" name=\"f-mail\" \/><\/span><label>Deine E-Mail <span>*<\/span><\/label><\/div><div class=\"col-xs-12\"><span class=\"wpcf7-form-control-wrap\" data-name=\"f-subject\"><input size=\"40\" maxlength=\"400\" class=\"wpcf7-form-control wpcf7-text wpcf7-validates-as-required style1\" aria-required=\"true\" aria-invalid=\"false\" value=\"\" type=\"text\" name=\"f-subject\" \/><\/span><label>Betreff <span>*<\/span><\/label><\/div><div class=\"col-xs-12\"><span class=\"wpcf7-form-control-wrap\" data-name=\"f-text\"><textarea cols=\"40\" rows=\"6\" maxlength=\"2000\" class=\"wpcf7-form-control wpcf7-textarea style1\" aria-invalid=\"false\" name=\"f-text\"><\/textarea><\/span><label>Nachricht <span>*<\/span><\/label><\/div><div class=\"col-xs-12\"><input class=\"wpcf7-form-control wpcf7-submit has-spinner button-style1\" type=\"submit\" value=\"senden\" \/><\/div><\/div><div class=\"wpcf7-response-output\" aria-hidden=\"true\"><\/div>\n<\/form>\n<\/div>\n                                    <\/div>\r\n                                                            <\/div>\r\n                        <\/div>\r\n                    <\/div>\r\n                <\/div>\r\n                        \r\n            <div class=\"one-screen \" style=\"\">\r\n                \r\n        <div class=\"item one-screen-item-69fafb7024a44\" style=\"background-image: url(https:\/\/www.webfut.com\/wp-content\/uploads\/2020\/09\/Fondo-7.jpg);\">\r\n                    <\/div>\r\n        \r\n        \r\n        <div class=\"item one-screen-item-69fafb7024e11\" style=\"background-image: url(https:\/\/www.webfut.com\/wp-content\/uploads\/2020\/09\/Fondo2-2.jpg);\">\r\n                    <\/div>\r\n        \r\n                    <\/div>\r\n        <\/div>\r\n            \r\n        [\/vc_column][\/vc_row]<\/p>\n<\/div>","protected":false},"excerpt":{"rendered":"<p>[vc_row full_width=&#8221;stretch_row_content_no_spaces&#8221;][vc_column][vc_row_inner css=&#8221;.vc_custom_1599392602208{background-color: #000000 !important;}&#8221;][vc_column_inner][vc_wp_text] Effektives digitales Marketing 100% ergebnisorientiert Agentur f\u00fcr kosteng\u00fcnstiges digitales Marketing Erfolgreiches Online Marketing Kosteng\u00fcnstige Webleistungen WebFut.com Web-Strategien f\u00fcr eine erfolgreiche Zukunft [\/vc_wp_text][\/vc_column_inner][\/vc_row_inner][\/vc_column][\/vc_row]<\/p>\n","protected":false},"author":1,"featured_media":0,"parent":0,"menu_order":0,"comment_status":"closed","ping_status":"closed","template":"template-landing.php","meta":{"_acf_changed":false,"footnotes":""},"class_list":["post-2315","page","type-page","status-publish","hentry"],"acf":[],"yoast_head":"<!-- This site is optimized with the Yoast SEO plugin v27.2 - https:\/\/yoast.com\/product\/yoast-seo-wordpress\/ -->\n<title>Effektives digitales Marketing | G\u00fcnstige Web-Services | WebFut.com<\/title>\n<meta name=\"description\" content=\"Kosteng\u00fcnstige Webdienstleistungen und effektives digitales Marketing 100% ergebnisorientiert. WebFut.com = WEB-Strategien f\u00fcr die ZUKUNFT.\" \/>\n<meta name=\"robots\" content=\"index, follow, max-snippet:-1, max-image-preview:large, max-video-preview:-1\" \/>\n<link rel=\"canonical\" href=\"https:\/\/www.webfut.com\/de\/\" \/>\n<meta property=\"og:locale\" content=\"de_DE\" \/>\n<meta property=\"og:type\" content=\"article\" \/>\n<meta property=\"og:title\" content=\"Effektives digitales Marketing | G\u00fcnstige Web-Services | WebFut.com\" \/>\n<meta property=\"og:description\" content=\"Kosteng\u00fcnstige Webdienstleistungen und effektives digitales Marketing 100% ergebnisorientiert. WebFut.com = WEB-Strategien f\u00fcr die ZUKUNFT.\" \/>\n<meta property=\"og:url\" content=\"https:\/\/www.webfut.com\/de\/\" \/>\n<meta property=\"og:site_name\" content=\"Web Fut - Marketing - Low Cost\" \/>\n<meta property=\"article:modified_time\" content=\"2024-04-19T08:20:29+00:00\" \/>\n<meta name=\"twitter:card\" content=\"summary_large_image\" \/>\n<meta name=\"twitter:label1\" content=\"Gesch\u00e4tzte Lesezeit\" \/>\n\t<meta name=\"twitter:data1\" content=\"3\u00a0Minuten\" \/>\n<script type=\"application\/ld+json\" class=\"yoast-schema-graph\">{\"@context\":\"https:\/\/schema.org\",\"@graph\":[{\"@type\":\"WebPage\",\"@id\":\"https:\/\/www.webfut.com\/de\/\",\"url\":\"https:\/\/www.webfut.com\/de\/\",\"name\":\"Effektives digitales Marketing | G\u00fcnstige Web-Services | WebFut.com\",\"isPartOf\":{\"@id\":\"https:\/\/www.webfut.com\/de\/#website\"},\"datePublished\":\"2023-09-05T04:21:08+00:00\",\"dateModified\":\"2024-04-19T08:20:29+00:00\",\"description\":\"Kosteng\u00fcnstige Webdienstleistungen und effektives digitales Marketing 100% ergebnisorientiert. WebFut.com = WEB-Strategien f\u00fcr die ZUKUNFT.\",\"breadcrumb\":{\"@id\":\"https:\/\/www.webfut.com\/de\/#breadcrumb\"},\"inLanguage\":\"de\",\"potentialAction\":[{\"@type\":\"ReadAction\",\"target\":[\"https:\/\/www.webfut.com\/de\/\"]}]},{\"@type\":\"BreadcrumbList\",\"@id\":\"https:\/\/www.webfut.com\/de\/#breadcrumb\",\"itemListElement\":[{\"@type\":\"ListItem\",\"position\":1,\"name\":\"Portada\",\"item\":\"https:\/\/www.webfut.com\/de\/\"},{\"@type\":\"ListItem\",\"position\":2,\"name\":\"Effektives digitales Marketing | G\u00fcnstige Web-Services | WebFut.com\"}]},{\"@type\":\"WebSite\",\"@id\":\"https:\/\/www.webfut.com\/de\/#website\",\"url\":\"https:\/\/www.webfut.com\/de\/\",\"name\":\"Web Fut - Marketing - Low Cost\",\"description\":\"webfut.com - Digital Marketing\",\"publisher\":{\"@id\":\"https:\/\/www.webfut.com\/de\/#organization\"},\"potentialAction\":[{\"@type\":\"SearchAction\",\"target\":{\"@type\":\"EntryPoint\",\"urlTemplate\":\"https:\/\/www.webfut.com\/de\/?s={search_term_string}\"},\"query-input\":{\"@type\":\"PropertyValueSpecification\",\"valueRequired\":true,\"valueName\":\"search_term_string\"}}],\"inLanguage\":\"de\"},{\"@type\":\"Organization\",\"@id\":\"https:\/\/www.webfut.com\/de\/#organization\",\"name\":\"WebFut Digital Marketing\",\"url\":\"https:\/\/www.webfut.com\/de\/\",\"logo\":{\"@type\":\"ImageObject\",\"inLanguage\":\"de\",\"@id\":\"https:\/\/www.webfut.com\/de\/#\/schema\/logo\/image\/\",\"url\":\"https:\/\/www.webfut.com\/wp-content\/uploads\/2020\/09\/WebFut-Logo.png\",\"contentUrl\":\"https:\/\/www.webfut.com\/wp-content\/uploads\/2020\/09\/WebFut-Logo.png\",\"width\":200,\"height\":57,\"caption\":\"WebFut Digital Marketing\"},\"image\":{\"@id\":\"https:\/\/www.webfut.com\/de\/#\/schema\/logo\/image\/\"},\"sameAs\":[\"https:\/\/www.instagram.com\/webfutmarketing\/\"]}]}<\/script>\n<!-- \/ Yoast SEO plugin. -->","yoast_head_json":{"title":"Effektives digitales Marketing | G\u00fcnstige Web-Services | WebFut.com","description":"Kosteng\u00fcnstige Webdienstleistungen und effektives digitales Marketing 100% ergebnisorientiert. WebFut.com = WEB-Strategien f\u00fcr die ZUKUNFT.","robots":{"index":"index","follow":"follow","max-snippet":"max-snippet:-1","max-image-preview":"max-image-preview:large","max-video-preview":"max-video-preview:-1"},"canonical":"https:\/\/www.webfut.com\/de\/","og_locale":"de_DE","og_type":"article","og_title":"Effektives digitales Marketing | G\u00fcnstige Web-Services | WebFut.com","og_description":"Kosteng\u00fcnstige Webdienstleistungen und effektives digitales Marketing 100% ergebnisorientiert. WebFut.com = WEB-Strategien f\u00fcr die ZUKUNFT.","og_url":"https:\/\/www.webfut.com\/de\/","og_site_name":"Web Fut - Marketing - Low Cost","article_modified_time":"2024-04-19T08:20:29+00:00","twitter_card":"summary_large_image","twitter_misc":{"Gesch\u00e4tzte Lesezeit":"3\u00a0Minuten"},"schema":{"@context":"https:\/\/schema.org","@graph":[{"@type":"WebPage","@id":"https:\/\/www.webfut.com\/de\/","url":"https:\/\/www.webfut.com\/de\/","name":"Effektives digitales Marketing | G\u00fcnstige Web-Services | WebFut.com","isPartOf":{"@id":"https:\/\/www.webfut.com\/de\/#website"},"datePublished":"2023-09-05T04:21:08+00:00","dateModified":"2024-04-19T08:20:29+00:00","description":"Kosteng\u00fcnstige Webdienstleistungen und effektives digitales Marketing 100% ergebnisorientiert. WebFut.com = WEB-Strategien f\u00fcr die ZUKUNFT.","breadcrumb":{"@id":"https:\/\/www.webfut.com\/de\/#breadcrumb"},"inLanguage":"de","potentialAction":[{"@type":"ReadAction","target":["https:\/\/www.webfut.com\/de\/"]}]},{"@type":"BreadcrumbList","@id":"https:\/\/www.webfut.com\/de\/#breadcrumb","itemListElement":[{"@type":"ListItem","position":1,"name":"Portada","item":"https:\/\/www.webfut.com\/de\/"},{"@type":"ListItem","position":2,"name":"Effektives digitales Marketing | G\u00fcnstige Web-Services | WebFut.com"}]},{"@type":"WebSite","@id":"https:\/\/www.webfut.com\/de\/#website","url":"https:\/\/www.webfut.com\/de\/","name":"Web Fut - Marketing - Low Cost","description":"webfut.com - Digital Marketing","publisher":{"@id":"https:\/\/www.webfut.com\/de\/#organization"},"potentialAction":[{"@type":"SearchAction","target":{"@type":"EntryPoint","urlTemplate":"https:\/\/www.webfut.com\/de\/?s={search_term_string}"},"query-input":{"@type":"PropertyValueSpecification","valueRequired":true,"valueName":"search_term_string"}}],"inLanguage":"de"},{"@type":"Organization","@id":"https:\/\/www.webfut.com\/de\/#organization","name":"WebFut Digital Marketing","url":"https:\/\/www.webfut.com\/de\/","logo":{"@type":"ImageObject","inLanguage":"de","@id":"https:\/\/www.webfut.com\/de\/#\/schema\/logo\/image\/","url":"https:\/\/www.webfut.com\/wp-content\/uploads\/2020\/09\/WebFut-Logo.png","contentUrl":"https:\/\/www.webfut.com\/wp-content\/uploads\/2020\/09\/WebFut-Logo.png","width":200,"height":57,"caption":"WebFut Digital Marketing"},"image":{"@id":"https:\/\/www.webfut.com\/de\/#\/schema\/logo\/image\/"},"sameAs":["https:\/\/www.instagram.com\/webfutmarketing\/"]}]}},"_links":{"self":[{"href":"https:\/\/www.webfut.com\/de\/wp-json\/wp\/v2\/pages\/2315","targetHints":{"allow":["GET"]}}],"collection":[{"href":"https:\/\/www.webfut.com\/de\/wp-json\/wp\/v2\/pages"}],"about":[{"href":"https:\/\/www.webfut.com\/de\/wp-json\/wp\/v2\/types\/page"}],"author":[{"embeddable":true,"href":"https:\/\/www.webfut.com\/de\/wp-json\/wp\/v2\/users\/1"}],"replies":[{"embeddable":true,"href":"https:\/\/www.webfut.com\/de\/wp-json\/wp\/v2\/comments?post=2315"}],"version-history":[{"count":11,"href":"https:\/\/www.webfut.com\/de\/wp-json\/wp\/v2\/pages\/2315\/revisions"}],"predecessor-version":[{"id":2382,"href":"https:\/\/www.webfut.com\/de\/wp-json\/wp\/v2\/pages\/2315\/revisions\/2382"}],"wp:attachment":[{"href":"https:\/\/www.webfut.com\/de\/wp-json\/wp\/v2\/media?parent=2315"}],"curies":[{"name":"wp","href":"https:\/\/api.w.org\/{rel}","templated":true}]}}